{"id":7163,"date":"2015-12-22T12:53:19","date_gmt":"2015-12-22T12:53:19","guid":{"rendered":"http:\/\/prestazilla.org\/dev2\/autozone\/?page_id=2"},"modified":"2020-06-26T14:08:07","modified_gmt":"2020-06-26T14:08:07","slug":"sample-page-2","status":"publish","type":"page","link":"https:\/\/www.auto-interier.cz\/","title":{"rendered":"Home"},"content":{"rendered":"<p>[vc_row full_width=&#8220;stretch_row_content_no_spaces&#8220; pdecor=&#8220;main-slider&#8220;][vc_column][rev_slider_vc alias=&#8220;home_slider&#8220;][\/vc_column][\/vc_row][vc_row full_width=&#8220;stretch_row&#8220; parallax=&#8220;content-moving&#8220; ppadding=&#8220;vc_row-padding-bottom&#8220; kswr_row_top_decor_enabled=&#8220;false&#8220; kswr_row_bottom_decor_enabled=&#8220;false&#8220;][vc_column][vc_empty_space height=&#8220;200px&#8220;][vc_row_inner][vc_column_inner][section_banner title=&#8220;AUTO interi\u00e9r.cz&#8220; adv_title=&#8220;V\u00cdTEJTE na str\u00e1nk\u00e1ch&#8220; use_decor=&#8220;true&#8220; image1=&#8220;23&#8243; link1=&#8220;|||&#8220; image2=&#8220;24&#8243; link2=&#8220;|||&#8220; image3=&#8220;25&#8243; link3=&#8220;|||&#8220; image4=&#8220;26&#8243; link4=&#8220;|||&#8220;]RENOVACE A TUNING AUTO INTERI\u00c9R\u016e[\/section_banner][\/vc_column_inner][\/vc_row_inner][vc_row_inner][vc_column_inner width=&#8220;1\/2&#8243; css=&#8220;.vc_custom_1453295995187{padding-top: 12px !important;}&#8220;][vc_column_text][\/vc_column_text][\/vc_column_inner][vc_column_inner width=&#8220;1\/2&#8243;][vc_column_text][\/vc_column_text][\/vc_column_inner][\/vc_row_inner][\/vc_column][\/vc_row][vc_row full_width=&#8220;stretch_row&#8220; video_bg=&#8220;yes&#8220; video_bg_url=&#8220;https:\/\/www.youtube.com\/watch?v=VmgDmoyhYCE&#8220; video_bg_parallax=&#8220;content-moving&#8220; ppadding=&#8220;vc_row-padding-both&#8220; ptextcolor=&#8220;White&#8220; pdecor=&#8220;both&#8220; css=&#8220;.vc_custom_1591202466022{background: rgba(220,45,19,0.7) url(http:\/\/pro-theme.com\/wordpress\/autozone\/wp-content\/uploads\/2016\/01\/2.jpg?id=29) !important;background-position: center !important;background-repeat: no-repeat !important;background-size: cover !important;*background-color: rgb(220,45,19) !important;}&#8220; el_id=&#8220;sluzby&#8220; kswr_row_top_decor_enabled=&#8220;false&#8220; kswr_row_bottom_decor_enabled=&#8220;false&#8220;][vc_column el_id=&#8220;sluzby&#8220;][block_title title=&#8220;NA\u0160E SLU\u017dBY&#8220;][\/block_title][section_services disable_carousel=&#8220;1&#8243; css_animation=&#8220;bounce&#8220;][section_service type=&#8220;pixcustom1&#8243; icon_pixcustom1=&#8220;autofont-gloves&#8220; title=&#8220;Profesion\u00e1ln\u00ed renovace k\u016f\u017ee&#8220;]1 d\u00edl od 2500,-<\/p>\n<p>-hloubkov\u00e9 \u010di\u0161t\u011bn\u00ed k\u016f\u017ee a n\u00e1sledn\u00fd finish do matu \u010di lesku s impregnaci (sedadlo od 2000,-)[\/section_service][section_service type=&#8220;pixcustom1&#8243; icon_pixcustom1=&#8220;autofont-steering-wheel-2&#8243; title=&#8220;Renovace a \u00faprava volant\u016f&#8220;]Od 1200,- dle dohody[\/section_service][section_service type=&#8220;pixcustom1&#8243; icon_pixcustom1=&#8220;autofont-gearbox-4&#8243; title=&#8220;Renovace a \u016fprava \u0159ad\u00edc\u00edch p\u00e1k, man\u017eet&#8220;]Od 400,-[\/section_service][section_service type=&#8220;pixcustom1&#8243; icon_pixcustom1=&#8220;autofont-transport-1&#8243; title=&#8220;Opravy a renovace molitanu&#8220;]Od 500,-[\/section_service][section_service type=&#8220;pixcustom1&#8243; icon_pixcustom1=&#8220;autofont-radiator&#8220; title=&#8220;Oprava a mont\u00e1\u017e vyh\u0159\u00edv\u00e1n\u00ed sedadel&#8220;]od 1000,-[\/section_service][section_service type=&#8220;pixcustom1&#8243; icon_pixcustom1=&#8220;autofont-car-door&#8220; title=&#8220;Opravy a renovace potahu sedadel&#8220;]od 600,-[\/section_service][section_service type=&#8220;pixcustom1&#8243; icon_pixcustom1=&#8220;autofont-car-door-1&#8243; title=&#8220;Opravy \u010daloun\u011bn\u00ed a v\u00fdpln\u011b dve\u0159\u00ed&#8220;]od 500,-[\/section_service][section_service type=&#8220;pixcustom1&#8243; icon_pixcustom1=&#8220;autofont-toolbox-1&#8243; title=&#8220;Oprava a renovace palubov\u00e9 desky&#8220;]Cena dohodou[\/section_service][section_service type=&#8220;pixcustom1&#8243; icon_pixcustom1=&#8220;autofont-rim&#8220; title=&#8220;Opravy a renovace stropnic vozidel&#8220;]od 1500,- + demota\u017e a monta\u017e od 500,-( sloupky od 200,- za kus)[\/section_service][section_service type=&#8220;pixcustom2&#8243; icon_pixcustom2=&#8220;flaticon-impala&#8220; title=&#8220;Kompletn\u00ed renovace interi\u00e9ru vozidel&#8220;]Ceny dohodou[\/section_service][section_service type=&#8220;pixcustom2&#8243; icon_pixcustom2=&#8220;flaticon-rolls&#8220; title=&#8220;Kompletn\u00ed renovace interi\u00e9ru veter\u00e1nu&#8220;]Ceny dohodou[\/section_service][section_service type=&#8220;pixcustom1&#8243; icon_pixcustom1=&#8220;autofont-helmet-2&#8243; title=&#8220;\u00dapravy moto sedadel na stunt riding&#8220;]Od 2000,- dle slo\u017eitosti[\/section_service][\/section_services][\/vc_column][\/vc_row][vc_row ppadding=&#8220;vc_row-padding-both&#8220; css=&#8220;.vc_custom_1591201762970{background-position: 0 0 !important;background-repeat: no-repeat !important;}&#8220; el_id=&#8220;onas&#8220; kswr_row_top_decor_enabled=&#8220;false&#8220; kswr_row_bottom_decor_enabled=&#8220;false&#8220;][vc_column][block_title title=&#8220;O N\u00c1S&#8220; title_color=&#8220;#222222&#8243;][\/block_title][vc_row_inner][vc_column_inner width=&#8220;1\/3&#8243;][vc_column_text]<\/p>\n<h3 class=\"ui-title-inner\"><i class=\"decor-3 fa fa-caret-right\"><\/i>PRECIZNOST nade V\u0160E<\/h3>\n<div class=\"decor-1 decor-1_mod-c\"><\/div>\n<p style=\"font-size:120%;\">Na\u0161e nejv\u011bt\u0161\u00ed v\u00fdhoda je dlouholet\u00e1 praxe, kter\u00e1 je zalo\u017eena na \u0161irok\u00e9<br \/>\nnab\u00eddce a hlavn\u011b profesion\u00e1ln\u00edmu p\u0159\u00edstupu.<\/p>\n<p style=\"font-size:120%;\">Zam\u011b\u0159ujeme se na \u010dalounick\u00e9 pr\u00e1ce v oblasti interi\u00e9ru v\u0161ech<br \/>\ndopravn\u00edch prost\u0159edk\u016f. Na\u0161\u00ed nejv\u011bt\u0161\u00ed novinkou je profesion\u00e1ln\u00ed<br \/>\nrenovace k\u016f\u017ee za pomoci nejnov\u011bj\u0161\u00edch technologick\u00fdch postup\u016f a<\/p>\n<p style=\"font-size:120%;\">nejkvalitn\u011bj\u0161\u00edch prost\u0159edk\u016f dostupn\u00fdch na trhu.<br \/>\nD\u00edky dodr\u017een\u00ed striktn\u00edch z\u00e1sad, dok\u00e1\u017eeme nemo\u017en\u00e9.<br \/>\nKa\u017ed\u00e1 v\u011bc vy\u017eaduje individu\u00e1ln\u00ed p\u0159\u00edstup a profesionalitu.[\/vc_column_text][\/vc_column_inner][vc_column_inner width=&#8220;1\/3&#8243;][vc_single_image image=&#8220;8119&#8243; img_size=&#8220;large&#8220; el_class=&#8220;big-img&#8220;][vc_empty_space height=&#8220;px&#8220;][\/vc_column_inner][vc_column_inner width=&#8220;1\/3&#8243;][\/vc_column_inner][\/vc_row_inner][\/vc_column][\/vc_row][vc_row full_width=&#8220;stretch_row&#8220; parallax=&#8220;content-moving&#8220; parallax_image=&#8220;8120&#8243; ppadding=&#8220;vc_row-padding-both&#8220; ptextcolor=&#8220;White&#8220; css=&#8220;.vc_custom_1551403544195{background: rgba(10,10,10,0.75) url(http:\/\/pro-theme.com\/wordpress\/autozone\/wp-content\/uploads\/2016\/01\/3.jpg?id=30);*background-color:gb(10,10,10);}&#8220; kswr_row_top_decor_enabled=&#8220;false&#8220; kswr_row_bottom_decor_enabled=&#8220;false&#8220;][vc_column][block_title title=&#8220;FAKTA&#8220;][\/block_title][section_amounts][section_amount title=&#8220;VYTUN\u011aN\u00ddCH AUT&#8220; amount=&#8220;23&#8243; icon_pixflaticon=&#8220;flaticon-car36&#8243;][section_amount title=&#8220;METR\u016e L\u00c1TKY&#8220; amount=&#8220;327&#8243; icon_pixflaticon=&#8220;flaticon-automobile8&#8243;][section_amount title=&#8220;PO\u010cET STEH\u016e&#8220; amount=&#8220;199000&#8243; type=&#8220;pixsimple&#8220; icon_pixsimple=&#8220;icon-link&#8220;][\/section_amounts][\/vc_column][\/vc_row][vc_row el_id=&#8220;projekty&#8220; kswr_row_top_decor_enabled=&#8220;false&#8220; kswr_row_bottom_decor_enabled=&#8220;false&#8220;][vc_column][vc_empty_space height=&#8220;80px&#8220;][block_title title=&#8220;Projekty&#8220;]Na\u0161e posledn\u00ed projekty[\/block_title][\/vc_column][\/vc_row][vc_row full_width=&#8220;stretch_row_content_no_spaces&#8220; kswr_row_top_decor_enabled=&#8220;false&#8220; kswr_row_bottom_decor_enabled=&#8220;false&#8220; css=&#8220;.vc_custom_1593180171321{border-bottom-width: -20px !important;}&#8220;][vc_column width=&#8220;1\/4&#8243;][vc_media_grid style=&#8220;pagination&#8220; items_per_page=&#8220;1&#8243; element_width=&#8220;12&#8243; paging_design=&#8220;none&#8220; item=&#8220;masonryMedia_SolidBlurOut&#8220; grid_id=&#8220;vc_gid:1593180038752-0b18a8d3-de6d-7&#8243; include=&#8220;17748,17630,17633,17643,17634,17642,17641,17640,17632,17639,17638,17637,17636,17635,17631&#8243; css=&#8220;.vc_custom_1591755227443{background-color: rgba(221,51,51,0.74) !important;*background-color: rgb(221,51,51) !important;}&#8220;][vc_media_grid style=&#8220;pagination&#8220; items_per_page=&#8220;1&#8243; element_width=&#8220;12&#8243; paging_design=&#8220;none&#8220; item=&#8220;masonryMedia_SolidBlurOut&#8220; grid_id=&#8220;vc_gid:1593180038753-e75b9bba-db17-7&#8243; include=&#8220;17751,17669,17667,17668,17666,17665,17664,17663,17662,17660,17661,17659&#8243; css=&#8220;.vc_custom_1591755323688{background-color: rgba(221,51,51,0.74) !important;*background-color: rgb(221,51,51) !important;}&#8220;][\/vc_column][vc_column width=&#8220;1\/4&#8243;][vc_media_grid style=&#8220;pagination&#8220; items_per_page=&#8220;1&#8243; element_width=&#8220;12&#8243; paging_design=&#8220;none&#8220; item=&#8220;masonryMedia_SolidBlurOut&#8220; grid_id=&#8220;vc_gid:1593180038756-e186ad54-d0bd-4&#8243; include=&#8220;17756,17692,17691,17690,17689,17688,17687,17686,17685,17684,17683&#8243; css=&#8220;.vc_custom_1591755650647{background-color: rgba(221,51,51,0.74) !important;*background-color: rgb(221,51,51) !important;}&#8220;][vc_media_grid style=&#8220;pagination&#8220; items_per_page=&#8220;1&#8243; element_width=&#8220;12&#8243; paging_design=&#8220;none&#8220; item=&#8220;masonryMedia_SolidBlurOut&#8220; grid_id=&#8220;vc_gid:1593180038756-a099ac70-780c-6&#8243; include=&#8220;17754,17657,17656,17655,17654,17653,17652,17651,17650,17649,17647,17648,17646,17645,17644&#8243; css=&#8220;.vc_custom_1591755347041{background-color: rgba(221,51,51,0.74) !important;*background-color: rgb(221,51,51) !important;}&#8220;][\/vc_column][vc_column width=&#8220;1\/4&#8243;][vc_media_grid style=&#8220;pagination&#8220; items_per_page=&#8220;1&#8243; element_width=&#8220;12&#8243; paging_design=&#8220;none&#8220; item=&#8220;masonryMedia_SolidBlurOut&#8220; grid_id=&#8220;vc_gid:1593180038757-60887b8d-eb1f-10&#8243; include=&#8220;17749,17676,17677,17678,17680,17679,17682,17681&#8243; css=&#8220;.vc_custom_1591755482354{background-color: rgba(221,51,51,0.74) !important;*background-color: rgb(221,51,51) !important;}&#8220;][vc_media_grid style=&#8220;pagination&#8220; items_per_page=&#8220;1&#8243; element_width=&#8220;12&#8243; paging_design=&#8220;none&#8220; item=&#8220;masonryMedia_SolidBlurOut&#8220; grid_id=&#8220;vc_gid:1593180038758-f3c28878-171b-6&#8243; include=&#8220;17753,17728,17729,17730,17731,17732,17733,17734,17735,17736&#8243; css=&#8220;.vc_custom_1591755365011{background-color: rgba(221,51,51,0.74) !important;*background-color: rgb(221,51,51) !important;}&#8220;][\/vc_column][vc_column width=&#8220;1\/4&#8243;][vc_media_grid style=&#8220;pagination&#8220; items_per_page=&#8220;1&#8243; element_width=&#8220;12&#8243; paging_design=&#8220;none&#8220; item=&#8220;masonryMedia_SolidBlurOut&#8220; grid_id=&#8220;vc_gid:1593180038760-405cfcb7-703d-1&#8243; include=&#8220;17752,17670,17671,17672,17673,17674,17675&#8243; css=&#8220;.vc_custom_1591755298663{background-color: rgba(221,51,51,0.74) !important;*background-color: rgb(221,51,51) !important;}&#8220;][vc_media_grid style=&#8220;pagination&#8220; items_per_page=&#8220;1&#8243; element_width=&#8220;12&#8243; paging_design=&#8220;none&#8220; item=&#8220;masonryMedia_SolidBlurOut&#8220; grid_id=&#8220;vc_gid:1593180038761-0cb71fcd-d02c-6&#8243; include=&#8220;17750,17737,17738,17739&#8243; css=&#8220;.vc_custom_1591755384427{background-color: rgba(221,51,51,0.74) !important;*background-color: rgb(221,51,51) !important;}&#8220;][\/vc_column][\/vc_row][vc_row full_width=&#8220;stretch_row&#8220; parallax=&#8220;content-moving&#8220; parallax_image=&#8220;34&#8243; ppadding=&#8220;vc_row-padding-both&#8220; ptextcolor=&#8220;White&#8220; pdecor=&#8220;top&#8220; css=&#8220;.vc_custom_1591202393085{background-color: rgba(220,45,19,0.7) !important;background-position: 0 0;background-repeat:-repeat;*background-color:gb(220,45,19);}&#8220; el_id=&#8220;recenze&#8220; kswr_row_top_decor_enabled=&#8220;false&#8220; kswr_row_bottom_decor_enabled=&#8220;false&#8220;][vc_column el_id=&#8220;recenze&#8220;][block_title title=&#8220;SPOKOJEN\u00cd Z\u00c1KAZN\u00cdCI&#8220;][\/block_title][section_reviews reviews_per_page=&#8220;3&#8243; disable_carousel=&#8220;1&#8243;][section_review title=&#8220;KOMPLETN\u011a NOV\u00dd INTERI\u00c9R&#8220; name=&#8220;Tom\u00e1\u0161&#8220; position=&#8220;z\u00e1kazn\u00edk&#8220; image=&#8220;16940&#8243;]<\/p>\n<p style=\"color:black\">Skv\u011bl\u00e1 spolupr\u00e1ce, ochotn\u00fd person\u00e1l, jsou zde odborn\u00edci,  mohu jen doporu\u010dit, ur\u010dit\u011b se je\u0161t\u011b n\u011bkdy zastav\u00edm<br \/>\n<\/br>[\/section_review][section_review title=&#8220;Nov\u00e9 seda\u010dky v aut\u011b&#8220; name=&#8220;Hana K.&#8220; position=&#8220;z\u00e1kazn\u00edk&#8220; image=&#8220;16941&#8243;]<\/p>\n<p style=\"color:black\">Neo\u010dek\u00e1vala jsem, \u017ee na\u0161e star\u00e9 seda\u010dky v aut\u011b by mohly vypadat je\u0161t\u011b tak dob\u0159e. Domluva i n\u00e1sledn\u00e9 opraven\u00ed bylo rychl\u00e9 bez jak\u00fdchkoli probl\u00e9m\u016f. Doporu\u010duji.<\/p>\n<p>[\/section_review][section_review title=&#8220;Volant&#8220; name=&#8220;Tom\u00e1\u0161 P.&#8220; position=&#8220;z\u00e1kazn\u00edk&#8220; image=&#8220;16942&#8243;]<\/p>\n<p style=\"color:black\">V\u0161e prob\u011bhlo k m\u00e9 naprost\u00e9 spokojenosti. Volant je perfektn\u00ed. Velmi oce\u0148uji vst\u0159\u00edcn\u00e9 jedn\u00e1n\u00ed a rychlou komunikaci.<br \/>\n<\/br>[\/section_review][\/section_reviews][\/vc_column][\/vc_row][vc_row ppadding=&#8220;vc_row-padding-top&#8220; ptextcolor=&#8220;Black&#8220; el_id=&#8220;kontakt&#8220; kswr_row_top_decor_enabled=&#8220;false&#8220; kswr_row_bottom_decor_enabled=&#8220;false&#8220;][vc_column][block_title title=&#8220;KONTAKT&#8220;]ZAJ\u00cdM\u00c1 V\u00c1S COKOLIV? KLIDN\u011a SE ZEPTEJTE[\/block_title][\/vc_column][\/vc_row][vc_row full_width=&#8220;stretch_row&#8220; ppadding=&#8220;vc_row-padding-bottom&#8220; css=&#8220;.vc_custom_1551425154647{padding-top: 20px !important;}&#8220; kswr_row_top_decor_enabled=&#8220;false&#8220; kswr_row_bottom_decor_enabled=&#8220;false&#8220;][vc_column width=&#8220;1\/2&#8243;][vc_column_text]<div class=\"kameleon-cf7-container kameleon-cf7-container9xe7pGiw\" data-classname=\".kameleon-cf7-container9xe7pGiw\" data-style-name=\"auto\"  data-style=\"haruki\" data-button-style=\"qaswara\" data-style-css=\"--haruki-font-size:15px;--haruki-input-font-size:15px;--haruki-input-height:45px;--haruki-textarea-height:250px;--haruki-input-margin-top:15px;--haruki-input-margin-bottom:15px;--haruki-border-width:1px;--haruki-active-border-width:3px;--kmcf7-btn-width:50%;--kmcf7-btn-fontsize:16px;--kmcf7-btn-letterspacing:1px;--kmcf7-btn-height:45px;--kmcf7-btn-mgtop:15px;--kmcf7-btn-mgbottom:15px;--kmcf7-btn-border-radius:0px;--kmcf7-btn-border-width:0px;--haruki-input-background:#ffffff;--haruki-color:#888888;--haruki-active-color:#6a7989;--haruki-input-color:#888888;--haruki-border-color:#eeeeee;--haruki-active-border-color:#6a7989;--kmcf7-btn-color:#eeeeee;--kmcf7-btn-color-hover:#ffffff;--kmcf7-btn-bg-color:#222222;--kmcf7-btn-bg-color-hover:#269ad6;--kmcf7-btn-align:center;--kmcf7-btn-border-color:#1a1a1a;--kmcf7-btn-border-color-hover:#2492ca;\" style=\"--haruki-font-size:15px;--haruki-input-font-size:15px;--haruki-input-height:45px;--haruki-textarea-height:250px;--haruki-input-margin-top:15px;--haruki-input-margin-bottom:15px;--haruki-border-width:1px;--haruki-active-border-width:3px;--kmcf7-btn-width:50%;--kmcf7-btn-fontsize:16px;--kmcf7-btn-letterspacing:1px;--kmcf7-btn-height:45px;--kmcf7-btn-mgtop:15px;--kmcf7-btn-mgbottom:15px;--kmcf7-btn-border-radius:0px;--kmcf7-btn-border-width:0px;--haruki-input-background:#ffffff;--haruki-color:#888888;--haruki-active-color:#6a7989;--haruki-input-color:#888888;--haruki-border-color:#eeeeee;--haruki-active-border-color:#6a7989;--kmcf7-btn-color:#eeeeee;--kmcf7-btn-color-hover:#ffffff;--kmcf7-btn-bg-color:#222222;--kmcf7-btn-bg-color-hover:#269ad6;--kmcf7-btn-align:center;--kmcf7-btn-border-color:#1a1a1a;--kmcf7-btn-border-color-hover:#2492ca;\"><div role=\"form\" class=\"wpcf7\" id=\"wpcf7-f5-o1\" lang=\"cs-CZ\" dir=\"ltr\">\n<div class=\"screen-reader-response\"><p role=\"status\" aria-live=\"polite\" aria-atomic=\"true\"><\/p> <ul><\/ul><\/div>\n<form action=\"\/index.php\/wp-json\/wp\/v2\/pages\/7163#wpcf7-f5-o1\" method=\"post\" class=\"wpcf7-form init\" novalidate=\"novalidate\" data-status=\"init\">\n<div style=\"display: none;\">\n<input type=\"hidden\" name=\"_wpcf7\" value=\"5\" \/>\n<input type=\"hidden\" name=\"_wpcf7_version\" value=\"5.5.6\" \/>\n<input type=\"hidden\" name=\"_wpcf7_locale\" value=\"cs_CZ\" \/>\n<input type=\"hidden\" name=\"_wpcf7_unit_tag\" value=\"wpcf7-f5-o1\" \/>\n<input type=\"hidden\" name=\"_wpcf7_container_post\" value=\"0\" \/>\n<input type=\"hidden\" name=\"_wpcf7_posted_data_hash\" value=\"\" \/>\n<\/div>\n<p><label><br \/>\n    <span class=\"wpcf7-form-control-wrap Jmeno km_cf7-input-container \">     \n      <input type=\"text\" name=\"Jmeno\" value=\"\" size=\"40\" class=\"wpcf7-form-control wpcf7-text wpcf7-validates-as-required km_cf7-input\" id=\"kmcf7-Jmeno8QrhbVpx\" aria-required=\"true\" aria-invalid=\"false\" onfocus=\"km_cf7_designer_focus(this)\" onblur=\"km_cf7_designer_blur()\"\/>\n      <label class=\"km_cf7-label\" for=\"kmcf7-Jmeno8QrhbVpx\" data-content=\"Jmeno\">\n        <span class=\"km_cf7_label-content\" data-content=\"Jmeno\">Jmeno<\/span>\n      <\/label>\n      \n    <\/span> <\/label><\/p>\n<p><label><br \/>\n    <span class=\"wpcf7-form-control-wrap Email km_cf7-input-container \">     \n      <input type=\"email\" name=\"Email\" value=\"\" size=\"40\" class=\"wpcf7-form-control wpcf7-text wpcf7-email wpcf7-validates-as-required wpcf7-validates-as-email km_cf7-input\" id=\"kmcf7-Emailv6pDY09F\" aria-required=\"true\" aria-invalid=\"false\" onfocus=\"km_cf7_designer_focus(this)\" onblur=\"km_cf7_designer_blur()\"\/>\n      <label class=\"km_cf7-label\" for=\"kmcf7-Emailv6pDY09F\" data-content=\"Email\">\n        <span class=\"km_cf7_label-content\" data-content=\"Email\">Email<\/span>\n      <\/label>\n      \n    <\/span> <\/label><\/p>\n<p><label><br \/>\n    <span class=\"wpcf7-form-control-wrap Predmet km_cf7-input-container \">     \n      <input type=\"text\" name=\"Predmet\" value=\"\" size=\"40\" class=\"wpcf7-form-control wpcf7-text km_cf7-input\" id=\"kmcf7-Predmet9pwWhBgs\" aria-invalid=\"false\" onfocus=\"km_cf7_designer_focus(this)\" onblur=\"km_cf7_designer_blur()\"\/>\n      <label class=\"km_cf7-label\" for=\"kmcf7-Predmet9pwWhBgs\" data-content=\"Predmet\">\n        <span class=\"km_cf7_label-content\" data-content=\"Predmet\">Predmet<\/span>\n      <\/label>\n      \n    <\/span> <\/label><\/p>\n<p><label><br \/>\n    <span class=\"wpcf7-form-control-wrap km_cf7-input-container Text km_cf7-textarea-container\">\n      <textarea name=\"Text\" cols=\"40\" rows=\"10\" class=\"wpcf7-form-control wpcf7-textarea km_cf7-input km_cf7-textarea\" id=\"kmcf7-Textk2xUyIgT\" aria-invalid=\"false\" onfocus=\"km_cf7_designer_focus(this)\" onblur=\"km_cf7_designer_blur()\"><\/textarea>\n      <label class=\"km_cf7-label\" for=\"kmcf7-Textk2xUyIgT\" data-content=\"Text\">\n        <span class=\"km_cf7_label-content\" data-content=\"Text\">Text<\/span>\n      <\/label>\n      \n    <\/span> <\/label><\/p>\n<div class=\"km_cf7-submit-container\">\n        <div class=\"km_cf7-submit-insider\">\n          <div class=\"km_cf7-submit-btn-txt km_cf7-btn-txt-r\">Poslat<\/div>\n          <div class=\"km_cf7-submit-btn-txt km_cf7-btn-txt-h\">Poslat<\/div>\n          <div class=\"km_cf7-btn-bg-r\"><\/div><div class=\"km_cf7-btn-bg-h\"><\/div>\n          <input type=\"submit\" value=\"Poslat\" class=\"wpcf7-form-control wpcf7-submit km_cf7-button\" \/>\n        <\/div>\n      <\/div>\n<p style=\"display: none !important;\"><label>&#916;<textarea name=\"_wpcf7_ak_hp_textarea\" cols=\"45\" rows=\"8\" maxlength=\"100\"><\/textarea><\/label><input type=\"hidden\" id=\"ak_js_1\" name=\"_wpcf7_ak_js\" value=\"179\"\/><script>document.getElementById( \"ak_js_1\" ).setAttribute( \"value\", ( new Date() ).getTime() );<\/script><\/p><div class=\"wpcf7-response-output\" aria-hidden=\"true\"><\/div><\/form><\/div><\/div>[\/vc_column_text][\/vc_column][vc_column width=&#8220;1\/2&#8243;][vc_gmaps link=&#8220;#E-8_JTNDaWZyYW1lJTIwc3JjJTNEJTIyaHR0cHMlM0ElMkYlMkZ3d3cuZ29vZ2xlLmNvbSUyRm1hcHMlMkZlbWJlZCUzRnBiJTNEJTIxMW0xOCUyMTFtMTIlMjExbTMlMjExZDI1NzMuMjYyMjQ1OTcxOTU3MyUyMTJkMTguMTg0ODk5MTg1NDA2MzklMjEzZDQ5LjgzNzUyOTgxNDA3MTY2JTIxMm0zJTIxMWYwJTIxMmYwJTIxM2YwJTIxM20yJTIxMWkxMDI0JTIxMmk3NjglMjE0ZjEzLjElMjEzbTMlMjExbTIlMjExczB4NDcxM2UzZTIyODQ2NzNkMSUyNTNBMHg0NjE2MzlhMTE5MjNhNzc3JTIxMnNLYXJsYSUyNTIwUG9rb3JuJTI1QzMlMjVBOWhvJTI1MjAxNTU0JTI1MkY0MCUyNTJDJTI1MjA3MDglMjUyMDAwJTI1MjBPc3RyYXZhLVBvcnViYSUyMTVlMCUyMTNtMiUyMTFzY3MlMjEyc2N6JTIxNHYxNTkxNzU3MjIyMzE3JTIxNW0yJTIxMXNjcyUyMTJzY3olMjIlMjB3aWR0aCUzRCUyMjYwMCUyMiUyMGhlaWdodCUzRCUyMjQ1MCUyMiUyMGZyYW1lYm9yZGVyJTNEJTIyMCUyMiUyMHN0eWxlJTNEJTIyYm9yZGVyJTNBMCUzQiUyMiUyMGFsbG93ZnVsbHNjcmVlbiUzRCUyMiUyMiUyMGFyaWEtaGlkZGVuJTNEJTIyZmFsc2UlMjIlMjB0YWJpbmRleCUzRCUyMjAlMjIlM0UlM0MlMkZpZnJhbWUlM0U=&#8220;][vc_empty_space height=&#8220;25px&#8220;][block_title title=&#8220;Auto moto slu\u017eby&#8220;]<\/p>\n<p style=\"color:black\"\">Karla Pokorn\u00e9ho 1554\/400<br \/>\n708 00 Ostrava Poruba<br \/>\n+420 724276533<br \/>\nI\u010c: 873 33 040<\/p>\n<p>[\/block_title][\/vc_column][\/vc_row]<\/p>\n","protected":false},"excerpt":{"rendered":"<p>[vc_row full_width=&#8220;stretch_row_content_no_spaces&#8220; pdecor=&#8220;main-slider&#8220;][vc_column][rev_slider_vc alias=&#8220;home_slider&#8220;][\/vc_column][\/vc_row][vc_row full_width=&#8220;stretch_row&#8220; parallax=&#8220;content-moving&#8220; ppadding=&#8220;vc_row-padding-bottom&#8220; kswr_row_top_decor_enabled=&#8220;false&#8220; kswr_row_bottom_decor_enabled=&#8220;false&#8220;][vc_column][vc_empty_space height=&#8220;200px&#8220;][vc_row_inner][vc_column_inner][section_banner title=&#8220;AUTO interi\u00e9r.cz&#8220; adv_title=&#8220;V\u00cdTEJTE na str\u00e1nk\u00e1ch&#8220; use_decor=&#8220;true&#8220; image1=&#8220;23&#8243; link1=&#8220;|||&#8220; image2=&#8220;24&#8243; link2=&#8220;|||&#8220; image3=&#8220;25&#8243; link3=&#8220;|||&#8220; image4=&#8220;26&#8243; link4=&#8220;|||&#8220;]RENOVACE A TUNING AUTO INTERI\u00c9R\u016e[\/section_banner][\/vc_column_inner][\/vc_row_inner][vc_row_inner][vc_column_inner width=&#8220;1\/2&#8243; css=&#8220;.vc_custom_1453295995187{padding-top: 12px !important;}&#8220;][vc_column_text][\/vc_column_text][\/vc_column_inner][vc_column_inner width=&#8220;1\/2&#8243;][vc_column_text][\/vc_column_text][\/vc_column_inner][\/vc_row_inner][\/vc_column][\/vc_row][vc_row full_width=&#8220;stretch_row&#8220; video_bg=&#8220;yes&#8220; video_bg_url=&#8220;https:\/\/www.youtube.com\/watch?v=VmgDmoyhYCE&#8220; video_bg_parallax=&#8220;content-moving&#8220; ppadding=&#8220;vc_row-padding-both&#8220; ptextcolor=&#8220;White&#8220; pdecor=&#8220;both&#8220; css=&#8220;.vc_custom_1591202466022{background: rgba(220,45,19,0.7) url(http:\/\/pro-theme.com\/wordpress\/autozone\/wp-content\/uploads\/2016\/01\/2.jpg?id=29) !important;background-position: center !important;background-repeat: no-repeat !important;background-size: cover !important;*background-color: rgb(220,45,19) !important;}&#8220; el_id=&#8220;sluzby&#8220; kswr_row_top_decor_enabled=&#8220;false&#8220; kswr_row_bottom_decor_enabled=&#8220;false&#8220;][vc_column [&hellip;]<\/p>\n","protected":false},"author":5,"featured_media":0,"parent":0,"menu_order":0,"comment_status":"closed","ping_status":"open","template":"page-home.php","meta":[],"_links":{"self":[{"href":"https:\/\/www.auto-interier.cz\/index.php\/wp-json\/wp\/v2\/pages\/7163"}],"collection":[{"href":"https:\/\/www.auto-interier.cz\/index.php\/wp-json\/wp\/v2\/pages"}],"about":[{"href":"https:\/\/www.auto-interier.cz\/index.php\/wp-json\/wp\/v2\/types\/page"}],"author":[{"embeddable":true,"href":"https:\/\/www.auto-interier.cz\/index.php\/wp-json\/wp\/v2\/users\/5"}],"replies":[{"embeddable":true,"href":"https:\/\/www.auto-interier.cz\/index.php\/wp-json\/wp\/v2\/comments?post=7163"}],"version-history":[{"count":0,"href":"https:\/\/www.auto-interier.cz\/index.php\/wp-json\/wp\/v2\/pages\/7163\/revisions"}],"wp:attachment":[{"href":"https:\/\/www.auto-interier.cz\/index.php\/wp-json\/wp\/v2\/media?parent=7163"}],"curies":[{"name":"wp","href":"https:\/\/api.w.org\/{rel}","templated":true}]}}